{"id":147,"date":"2023-08-28T12:29:50","date_gmt":"2023-08-28T15:29:50","guid":{"rendered":"https:\/\/donavivimodas.com.br\/?post_type=product&#038;p=147"},"modified":"2023-08-28T12:29:50","modified_gmt":"2023-08-28T15:29:50","slug":"body-mia","status":"publish","type":"product","link":"https:\/\/donavivimodas.com.br\/index.php\/produto\/body-mia\/","title":{"rendered":"Body Mia"},"content":{"rendered":"<ul>\n<li>Body Mia sem bojo<\/li>\n<li>\u00a0Tecido: Anarruga de algod\u00e3o n\u00e3o possui elastano.<\/li>\n<li>Tamanho: \u00danico veste do 36 ao 40.<\/li>\n<li>Possui forro: N\u00e3o<\/li>\n<\/ul>\n","protected":false},"excerpt":{"rendered":"<p>Body Mia sem bojo \u00a0Tecido: Anarruga de algod\u00e3o n\u00e3o possui elastano. Tamanho: \u00danico veste do 36 ao 40. Possui forro: N\u00e3o<\/p>\n","protected":false},"featured_media":148,"comment_status":"open","ping_status":"closed","template":"","meta":[],"product_cat":[15],"product_tag":[],"yoast_head":"<!-- This site is optimized with the Yoast SEO plugin v21.2 - https:\/\/yoast.com\/wordpress\/plugins\/seo\/ -->\n<title>Body Mia - Dona Vivi Modas<\/title>\n<meta name=\"robots\" content=\"index, follow, max-snippet:-1, max-image-preview:large, max-video-preview:-1\" \/>\n<link rel=\"canonical\" href=\"https:\/\/donavivimodas.com.br\/index.php\/produto\/body-mia\/\" \/>\n<meta property=\"og:locale\" content=\"en_US\" \/>\n<meta property=\"og:type\" content=\"article\" \/>\n<meta property=\"og:title\" content=\"Body Mia - Dona Vivi Modas\" \/>\n<meta property=\"og:description\" content=\"Body Mia sem bojo \u00a0Tecido: Anarruga de algod\u00e3o n\u00e3o possui elastano. Tamanho: \u00danico veste do 36 ao 40. Possui forro: N\u00e3o\" \/>\n<meta property=\"og:url\" content=\"https:\/\/donavivimodas.com.br\/index.php\/produto\/body-mia\/\" \/>\n<meta property=\"og:site_name\" content=\"Dona Vivi Modas\" \/>\n<meta property=\"og:image\" content=\"https:\/\/donavivimodas.com.br\/wp-content\/uploads\/2023\/08\/body-mia-2.jpg\" \/>\n\t<meta property=\"og:image:width\" content=\"1057\" \/>\n\t<meta property=\"og:image:height\" content=\"1045\" \/>\n\t<meta property=\"og:image:type\" content=\"image\/jpeg\" \/>\n<meta name=\"twitter:card\" content=\"summary_large_image\" \/>\n<script type=\"application\/ld+json\" class=\"yoast-schema-graph\">{\"@context\":\"https:\/\/schema.org\",\"@graph\":[{\"@type\":\"WebPage\",\"@id\":\"https:\/\/donavivimodas.com.br\/index.php\/produto\/body-mia\/\",\"url\":\"https:\/\/donavivimodas.com.br\/index.php\/produto\/body-mia\/\",\"name\":\"Body Mia - Dona Vivi Modas\",\"isPartOf\":{\"@id\":\"https:\/\/donavivimodas.com.br\/#website\"},\"datePublished\":\"2023-08-28T15:29:50+00:00\",\"dateModified\":\"2023-08-28T15:29:50+00:00\",\"breadcrumb\":{\"@id\":\"https:\/\/donavivimodas.com.br\/index.php\/produto\/body-mia\/#breadcrumb\"},\"inLanguage\":\"en-US\",\"potentialAction\":[{\"@type\":\"ReadAction\",\"target\":[\"https:\/\/donavivimodas.com.br\/index.php\/produto\/body-mia\/\"]}]},{\"@type\":\"BreadcrumbList\",\"@id\":\"https:\/\/donavivimodas.com.br\/index.php\/produto\/body-mia\/#breadcrumb\",\"itemListElement\":[{\"@type\":\"ListItem\",\"position\":1,\"name\":\"In\u00edcio\",\"item\":\"https:\/\/donavivimodas.com.br\/\"},{\"@type\":\"ListItem\",\"position\":2,\"name\":\"Loja\",\"item\":\"https:\/\/donavivimodas.com.br\/index.php\/loja\/\"},{\"@type\":\"ListItem\",\"position\":3,\"name\":\"Body Mia\"}]},{\"@type\":\"WebSite\",\"@id\":\"https:\/\/donavivimodas.com.br\/#website\",\"url\":\"https:\/\/donavivimodas.com.br\/\",\"name\":\"Dona Vivi Modas\",\"description\":\"A Dona Vivi Modas \u00e9 especialista em produtos do varejo de moda. A gente se destaca na venda de roupas femininas e Plus Size\",\"publisher\":{\"@id\":\"https:\/\/donavivimodas.com.br\/#organization\"},\"potentialAction\":[{\"@type\":\"SearchAction\",\"target\":{\"@type\":\"EntryPoint\",\"urlTemplate\":\"https:\/\/donavivimodas.com.br\/?s={search_term_string}\"},\"query-input\":\"required name=search_term_string\"}],\"inLanguage\":\"en-US\"},{\"@type\":\"Organization\",\"@id\":\"https:\/\/donavivimodas.com.br\/#organization\",\"name\":\"Dona Vivi Modas\",\"url\":\"https:\/\/donavivimodas.com.br\/\",\"logo\":{\"@type\":\"ImageObject\",\"inLanguage\":\"en-US\",\"@id\":\"https:\/\/donavivimodas.com.br\/#\/schema\/logo\/image\/\",\"url\":\"https:\/\/donavivimodas.com.br\/wp-content\/uploads\/2023\/06\/dona-vivi.jpeg\",\"contentUrl\":\"https:\/\/donavivimodas.com.br\/wp-content\/uploads\/2023\/06\/dona-vivi.jpeg\",\"width\":860,\"height\":411,\"caption\":\"Dona Vivi Modas \"},\"image\":{\"@id\":\"https:\/\/donavivimodas.com.br\/#\/schema\/logo\/image\/\"}}]}<\/script>\n<!-- \/ Yoast SEO plugin. -->","yoast_head_json":{"title":"Body Mia - Dona Vivi Modas","robots":{"index":"index","follow":"follow","max-snippet":"max-snippet:-1","max-image-preview":"max-image-preview:large","max-video-preview":"max-video-preview:-1"},"canonical":"https:\/\/donavivimodas.com.br\/index.php\/produto\/body-mia\/","og_locale":"en_US","og_type":"article","og_title":"Body Mia - Dona Vivi Modas","og_description":"Body Mia sem bojo \u00a0Tecido: Anarruga de algod\u00e3o n\u00e3o possui elastano. Tamanho: \u00danico veste do 36 ao 40. Possui forro: N\u00e3o","og_url":"https:\/\/donavivimodas.com.br\/index.php\/produto\/body-mia\/","og_site_name":"Dona Vivi Modas","og_image":[{"width":1057,"height":1045,"url":"https:\/\/donavivimodas.com.br\/wp-content\/uploads\/2023\/08\/body-mia-2.jpg","type":"image\/jpeg"}],"twitter_card":"summary_large_image","schema":{"@context":"https:\/\/schema.org","@graph":[{"@type":"WebPage","@id":"https:\/\/donavivimodas.com.br\/index.php\/produto\/body-mia\/","url":"https:\/\/donavivimodas.com.br\/index.php\/produto\/body-mia\/","name":"Body Mia - Dona Vivi Modas","isPartOf":{"@id":"https:\/\/donavivimodas.com.br\/#website"},"datePublished":"2023-08-28T15:29:50+00:00","dateModified":"2023-08-28T15:29:50+00:00","breadcrumb":{"@id":"https:\/\/donavivimodas.com.br\/index.php\/produto\/body-mia\/#breadcrumb"},"inLanguage":"en-US","potentialAction":[{"@type":"ReadAction","target":["https:\/\/donavivimodas.com.br\/index.php\/produto\/body-mia\/"]}]},{"@type":"BreadcrumbList","@id":"https:\/\/donavivimodas.com.br\/index.php\/produto\/body-mia\/#breadcrumb","itemListElement":[{"@type":"ListItem","position":1,"name":"In\u00edcio","item":"https:\/\/donavivimodas.com.br\/"},{"@type":"ListItem","position":2,"name":"Loja","item":"https:\/\/donavivimodas.com.br\/index.php\/loja\/"},{"@type":"ListItem","position":3,"name":"Body Mia"}]},{"@type":"WebSite","@id":"https:\/\/donavivimodas.com.br\/#website","url":"https:\/\/donavivimodas.com.br\/","name":"Dona Vivi Modas","description":"A Dona Vivi Modas \u00e9 especialista em produtos do varejo de moda. A gente se destaca na venda de roupas femininas e Plus Size","publisher":{"@id":"https:\/\/donavivimodas.com.br\/#organization"},"potentialAction":[{"@type":"SearchAction","target":{"@type":"EntryPoint","urlTemplate":"https:\/\/donavivimodas.com.br\/?s={search_term_string}"},"query-input":"required name=search_term_string"}],"inLanguage":"en-US"},{"@type":"Organization","@id":"https:\/\/donavivimodas.com.br\/#organization","name":"Dona Vivi Modas","url":"https:\/\/donavivimodas.com.br\/","logo":{"@type":"ImageObject","inLanguage":"en-US","@id":"https:\/\/donavivimodas.com.br\/#\/schema\/logo\/image\/","url":"https:\/\/donavivimodas.com.br\/wp-content\/uploads\/2023\/06\/dona-vivi.jpeg","contentUrl":"https:\/\/donavivimodas.com.br\/wp-content\/uploads\/2023\/06\/dona-vivi.jpeg","width":860,"height":411,"caption":"Dona Vivi Modas "},"image":{"@id":"https:\/\/donavivimodas.com.br\/#\/schema\/logo\/image\/"}}]}},"_links":{"self":[{"href":"https:\/\/donavivimodas.com.br\/index.php\/wp-json\/wp\/v2\/product\/147"}],"collection":[{"href":"https:\/\/donavivimodas.com.br\/index.php\/wp-json\/wp\/v2\/product"}],"about":[{"href":"https:\/\/donavivimodas.com.br\/index.php\/wp-json\/wp\/v2\/types\/product"}],"replies":[{"embeddable":true,"href":"https:\/\/donavivimodas.com.br\/index.php\/wp-json\/wp\/v2\/comments?post=147"}],"version-history":[{"count":1,"href":"https:\/\/donavivimodas.com.br\/index.php\/wp-json\/wp\/v2\/product\/147\/revisions"}],"predecessor-version":[{"id":150,"href":"https:\/\/donavivimodas.com.br\/index.php\/wp-json\/wp\/v2\/product\/147\/revisions\/150"}],"wp:featuredmedia":[{"embeddable":true,"href":"https:\/\/donavivimodas.com.br\/index.php\/wp-json\/wp\/v2\/media\/148"}],"wp:attachment":[{"href":"https:\/\/donavivimodas.com.br\/index.php\/wp-json\/wp\/v2\/media?parent=147"}],"wp:term":[{"taxonomy":"product_cat","embeddable":true,"href":"https:\/\/donavivimodas.com.br\/index.php\/wp-json\/wp\/v2\/product_cat?post=147"},{"taxonomy":"product_tag","embeddable":true,"href":"https:\/\/donavivimodas.com.br\/index.php\/wp-json\/wp\/v2\/product_tag?post=147"}],"curies":[{"name":"wp","href":"https:\/\/api.w.org\/{rel}","templated":true}]}}